{"id":6,"date":"2017-10-16T15:14:09","date_gmt":"2017-10-16T14:14:09","guid":{"rendered":"https:\/\/chroniquestoulonnaises.wordpress.com\/?page_id=2"},"modified":"2017-10-16T15:14:09","modified_gmt":"2017-10-16T14:14:09","slug":"a-propos","status":"publish","type":"page","link":"https:\/\/chroniquestoulonnaises.ovh\/index.php\/a-propos\/","title":{"rendered":"\u00c0 propos"},"content":{"rendered":"<p><strong>Toulon, \u00ab\u00a0port d\u2019attache\u00a0\u00bb<\/strong><\/p>\n<p>Je m&#8217;appelle Camille. En commen\u00e7ant \u00e0 r\u00e9fl\u00e9chir \u00e0 ce projet qui n\u2019avait pas encore de nom, ni de forme, une seule chose \u00e9mergeait, Toulon \u00e9tait mon \u00ab port d\u2019attache \u00bb, le point auquel je me r\u00e9f\u00e8re depuis toujours. Par le lien fort entre ma famille et cette ville o\u00f9 je n\u2019ai v\u00e9cu que pendant les mois d\u2019\u00e9t\u00e9, mais aussi par le sentiment d\u2019y \u00eatre un peu chez moi apr\u00e8s toutes ces ann\u00e9es.<\/p>\n<p>Et puis un jour, quelqu\u2019un a soulign\u00e9 la contradiction \u00e9tonnante de cette expression et qui refl\u00e8te bien l\u2019ambivalence de cette ville. Le <strong>port<\/strong>, lieu de d\u00e9part et l\u2019<strong>attache<\/strong>, lieu d\u2019ancrage, o\u00f9 l\u2019on revient. Comme un marin qui, une fois rentr\u00e9 apr\u00e8s de longs jours en mer, ne quitte pourtant pas la vaste \u00e9tendue liquide des yeux, avec l\u2019envie pressante de repartir.<\/p>\n<p>Les rencontres que j\u2019ai faites m\u2019ont confirm\u00e9 ce sentiment d\u2019\u00eatre entre deux mondes. Toulon, c\u2019est une ville \u00e0 plusieurs visages, entre le clich\u00e9 dor\u00e9 et la r\u00e9alit\u00e9 pas toujours tr\u00e8s belle, entre les belles plages avec vue sur la \u00ab\u00a0plus belle rade d\u2019Europe\u00a0\u00bb et des enfants des quartiers qui n&#8217;ont pour horizon que les toits des immeubles de leur cit\u00e9, entre les\u00a0affaires qui ont noirci les Unes et marqu\u00e9 durement l\u2019image de la ville et les r\u00e9cits personnels et touchants de celles et ceux qui la connaissent diff\u00e9remment.<\/p>\n<p>Ce site est n\u00e9 de l\u2019envie de raconter \u00ab\u00a0d\u2019autres histoires\u00a0\u00bb. Il se veut une chronique sinc\u00e8re de Toulon, \u00e0 travers les moments v\u00e9cus, les lieux d\u00e9couverts et red\u00e9couverts, les rencontres et les mots recueillis de celles et ceux qui y vivent, y ont v\u00e9cu ou en sont partis. Et y reviennent. Toujours.<\/p>\n<p><span style=\"color:#ffffff;\">chroniques toulonnaises\u00a0chroniques toulonnaises\u00a0chroniques toulonnaises\u00a0chroniques toulonnaises\u00a0chroniques toulonnaises\u00a0chroniques toulonnaises\u00a0chroniques toulonnaises<\/span><\/p>\n","protected":false},"excerpt":{"rendered":"<p>Ceci est un petit extrait destin\u00e9 \u00e0 la &amp;nbsp;page \u00ab\u00a0\u00c0 propos\u00a0\u00bb.<\/p>\n","protected":false},"author":2,"featured_media":0,"parent":0,"menu_order":1,"comment_status":"closed","ping_status":"closed","template":"","meta":{"footnotes":""},"class_list":["post-6","page","type-page","status-publish","hentry","empty-entry-meta"],"_links":{"self":[{"href":"https:\/\/chroniquestoulonnaises.ovh\/index.php\/wp-json\/wp\/v2\/pages\/6","targetHints":{"allow":["GET"]}}],"collection":[{"href":"https:\/\/chroniquestoulonnaises.ovh\/index.php\/wp-json\/wp\/v2\/pages"}],"about":[{"href":"https:\/\/chroniquestoulonnaises.ovh\/index.php\/wp-json\/wp\/v2\/types\/page"}],"author":[{"embeddable":true,"href":"https:\/\/chroniquestoulonnaises.ovh\/index.php\/wp-json\/wp\/v2\/users\/2"}],"replies":[{"embeddable":true,"href":"https:\/\/chroniquestoulonnaises.ovh\/index.php\/wp-json\/wp\/v2\/comments?post=6"}],"version-history":[{"count":0,"href":"https:\/\/chroniquestoulonnaises.ovh\/index.php\/wp-json\/wp\/v2\/pages\/6\/revisions"}],"wp:attachment":[{"href":"https:\/\/chroniquestoulonnaises.ovh\/index.php\/wp-json\/wp\/v2\/media?parent=6"}],"curies":[{"name":"wp","href":"https:\/\/api.w.org\/{rel}","templated":true}]}}